{"id":609,"date":"2016-12-08T15:53:19","date_gmt":"2016-12-08T15:53:19","guid":{"rendered":"http:\/\/semanadeestudos.com\/?page_id=609"},"modified":"2026-01-18T19:10:58","modified_gmt":"2026-01-18T22:10:58","slug":"na-midia","status":"publish","type":"page","link":"https:\/\/semanadeestudos.com\/?page_id=609","title":{"rendered":"In the Media"},"content":{"rendered":"<div align=\"left\"><\/div>\n<div align=\"left\">http:\/\/jornalbrasil.com.br\/noticia\/oito-beneficios-do-treinamento-para-a-carreira-internacional.html<\/div>\n<div align=\"left\"><\/div>\n<div align=\"left\"><\/div>\n<div align=\"left\">\n<div class=\"wrapper\">\n<div class=\"header-logo\"><a href=\"http:\/\/jornalbrasil.com.br\/\" target=\"\"><img decoding=\"async\" src=\"http:\/\/jornalbrasil.com.br\/images\/xlogo.jpg.pagespeed.ic.s1vYty0f1x.jpg\" alt=\"Jornal Brasil Online\" \/><\/a><\/div>\n<div class=\"header-menu\">\n<h1>O seu canal de not\u00edcias do Brasil e do Mundo.<\/h1>\n<\/div>\n<div class=\"header-addons\">\n<div class=\"header-weather\"><span class=\"report\">\u00a0<\/span>\u00a0 <span class=\"city\"><small><\/small><br \/>\n<\/span><\/div>\n<div class=\"header-search\"><\/div>\n<\/div>\n<\/div>\n<div><\/div>\n<div class=\"content\">\n<div class=\"wrapper\">\n<div class=\"main-content\">\n<div class=\"full-width\">\n<div class=\"article-title\">\n<div class=\"share-block right\">\n<div><a id=\"printArticle\" class=\"small-button\" target=\"\"><\/a><span class=\"icon-text\">\ue716<\/span>\u00a0\u00a0Imprima Not\u00edcia<\/div>\n<\/div>\n<h2>Oito benef\u00edcios do treinamento para a carreira internacional<\/h2>\n<div class=\"author\">\n<div class=\"a-content\">Fonte <b>EVCOM<\/b> <span class=\"meta\">23\/01\/2014 \u00e0s 22h <\/span><\/div>\n<\/div>\n<\/div>\n<\/div>\n<div class=\"main-page left\">\n<div class=\"single-block\">\n<div class=\"content-block main left\">\n<div class=\"block\">\n<div class=\"block-content\">\n<div id=\"HOTWordsTxt\">\n<div class=\"shortcode-content\">\n<div class=\"paragraph-row\">\n<div class=\"column3\"><\/div>\n<div class=\"column9\">\n<div align=\"justify\">\n<p>Por Leda Lu Muniz*<\/p>\n<p>Pesquisas cient\u00edficas mostram que a aprendizagem \u201cacontece\u201d quando experimentamos, interagimos, vivenciamos. A pr\u00e1tica facilita o aprendizado, o conhecimento intelectual, o desenvolvimento de habilidades e atitudes e estimula o esp\u00edrito de equipe e a vis\u00e3o estrat\u00e9gica.<\/p>\n<p>Durante a Semana de Estudos na ONU, listo abaixo oito benef\u00edcios deste treinamento para a carreira internacional.<\/p>\n<p>1- Aprendizagem \u2013 a pr\u00e1tica facilita o aprendizado<\/p>\n<p>Ter a oportunidade de conhecer o centro nervoso das Organiza\u00e7\u00f5es das Na\u00e7\u00f5es Unidas em Genebra, na Su\u00ed\u00e7a, \u00e9 uma chance \u00edmpar de vivenciar dentro de cada organiza\u00e7\u00e3o a troca de experi\u00eancias com altos funcion\u00e1rios, especialistas e diplomatas no seu dia a dia de trabalho, al\u00e9m de expandir os horizontes em v\u00e1rias \u00e1reas do conhecimento com uma vis\u00e3o hol\u00edstica.<\/p>\n<p>2- Desenvolvimento de habilidades e atitudes<\/p>\n<p>Experimentar se comunicar em outro idioma, vivenciar c\u00f3digos de conduta de um outro pa\u00eds e cultura, vivenciar o dia a dia de trabalho e atividades como se fosse um morador local, expandem nossas conex\u00f5es e mem\u00f3ria, abrindo em n\u00f3s possibilidades ainda desconhecidas.<\/p>\n<p>3- Esp\u00edrito de equipe<\/p>\n<p>Pensar em grupo, priorizar o bem do grupo, agir em grupo e com o grupo. Priorizar o &#8220;n\u00f3s&#8221; ao inv\u00e9s do &#8220;eu&#8221;.<\/p>\n<p>4- Vis\u00e3o estrat\u00e9gica<\/p>\n<p>Enxergar anos \u00e0 frente. Onde voc\u00ea vai querer estar daqui a tr\u00eas, cinco anos?<\/p>\n<p>Quais estrat\u00e9gias podem ser absorvidas e incorporadas hoje para atingir seu objetivo?<\/p>\n<p>5- Viv\u00eancia<\/p>\n<p>A viv\u00eancia motiva, transforma, abre novos horizontes, oferece diferentes perspectivas e possibilita novas oportunidades. Para alguns, \u00e9 o ponto de partida para a escolha de um novo caminho. Para outros, uma mudan\u00e7a de rumo. Para cada um, mesmo em diferentes momentos da vida, \u00e9 um marco de descobertas profissionais e pessoais.<\/p>\n<p>6- Conhecer sobre assuntos de v\u00e1rias \u00e1reas<\/p>\n<p>Voc\u00ea j\u00e1 pensou ao ir ao supermercado comprar um refrigerante ou um chip de telefone, que cada marca, de cada produto, obedece a uma regulamenta\u00e7\u00e3o distinta e que existem crit\u00e9rios de registros para cada uma delas no pa\u00eds de origem e internacionalmente? Durante a Semana de Estudos visitamos a WIPO (Organiza\u00e7\u00e3o Mundial para a Propriedade Intelectual) para entender sobre marcas, patentes, direitos autorais e a intera\u00e7\u00e3o entre a iniciativa privada e p\u00fablica.<\/p>\n<p>Voc\u00ea j\u00e1 pensou que o com\u00e9rcio dos produtos citados acima s\u00e3o regulamentados por normas e rodadas de negocia\u00e7\u00f5es em que os representantes da cada pa\u00eds votam para que as barreiras alfandeg\u00e1rias sejam vi\u00e1veis? Na OMC (Organiza\u00e7\u00e3o Mundial do Com\u00e9rcio), os participantes da Semana de Estudos aprendem como funciona o \u00e2mbito do Com\u00e9rcio internacional, com \u201ccases\u201d exemplificativos das rodadas de negocia\u00e7\u00e3o.<\/p>\n<p>Tem ideia de como s\u00e3o regulamentadas as Telecomunica\u00e7\u00f5es em \u00e2mbito internacional? Na visita ao ITU (Uni\u00e3o Internacional das Telecomunica\u00e7\u00f5es), al\u00e9m de aprender sobre a hist\u00f3ria das telecomunica\u00e7\u00f5es, a visita ao ICT Discovery possibilita manusear a mais alta tecnologia de maneira l\u00fadica e interessante.<\/p>\n<p>7- Ter conhecimento do que acontece no mundo<\/p>\n<p>Voc\u00ea tem ouvido no notici\u00e1rio que a situa\u00e7\u00e3o dos refugiados na S\u00edria \u00e9 alarmante? Na visita ao UNHCR (Alto Comissariado das Na\u00e7\u00f5es Unidas para os Refugiados) aprendemos sobre o trabalho jur\u00eddico e de ajuda humanit\u00e1ria para aliviar o sofrimento dos refugiados em v\u00e1rias partes do mundo.<\/p>\n<p>Voc\u00ea sabia que a energia solar pode resolver situa\u00e7\u00f5es de emerg\u00eancia em locais distantes para popula\u00e7\u00f5es de risco, onde n\u00e3o h\u00e1 infraestrutura? Na Organiza\u00e7\u00e3o Mundial da Sa\u00fade (OMS), os participantes da Semana de Estudos foram convidados especiais para assistir \u00e0 apresenta\u00e7\u00e3o de uma empresa fabricante de geradores (carregados com energia solar), que conseguem abastecer com energia os hospitais e acampamentos em pa\u00edses da \u00c1frica, possibilitando assim que equipamentos hospitalares e cir\u00fargicos possam ser utilizados.<\/p>\n<p>8- Participar na mudan\u00e7a de paradigmas<\/p>\n<p>Voc\u00ea j\u00e1 ouviu falar em \u201cEconomia Verde\u201d? Objetivos de Desenvolvimento para o Mil\u00eanio? Desenvolvimento Sustent\u00e1vel?<\/p>\n<p>Quer ser pr\u00f3-ativo para tornar o mundo melhor para as pr\u00f3ximas gera\u00e7\u00f5es? Comece agora.<\/p>\n<p>*Leda Lu Muniz &#8211; Pedagoga e soci\u00f3loga graduada pela Universidade de S\u00e3o Paulo, Mestre em Sociologia da Comunica\u00e7\u00e3o pela Universidade \u201cLa Sapienza\u201d (Roma) e especialista em Pol\u00edtica Internacional pela Funda\u00e7\u00e3o Escola de Sociologia e Pol\u00edtica de S\u00e3o Paulo. Atualmente presta consultoria para empresas e institui\u00e7\u00f5es p\u00fablicas nas \u00e1reas de Comunica\u00e7\u00e3o, Rela\u00e7\u00f5es Internacionais, Pesquisa Social e de Mercado. \u00c9 idealizadora e Coordenadora do Projeto Semana de Estudos na ONU e da In Loco.biz , empresa especializada em treinamentos in loco e viagens de estudos. Fala sobre carreira internacional, rela\u00e7\u00f5es internacionais e recursos humanos<\/p>\n<\/div>\n<\/div>\n<\/div>\n<div class=\"article-title\">\n<div class=\"share-block right\">\n<div>\n<div class=\"share-article left\">Redes Sociais<strong>Compartilhe esta Not\u00edcia<\/strong><\/div>\n<div class=\"left\"><\/div>\n<div class=\"clear-float\"><\/div>\n<\/div>\n<div><a class=\"small-button\" href=\"http:\/\/jornalbrasil.com.br\/#\" target=\"\"><span class=\"icon-text\">\ue716<\/span>\u00a0\u00a0Imprima Not\u00edcia<\/a><\/div>\n<\/div>\n<div class=\"author\">\n<div class=\"a-content\">Fonte <b>EVCOM<\/b> <span class=\"meta\">23\/01\/2014 \u00e1s 22h <\/span><\/div>\n<\/div>\n<\/div>\n<\/div>\n<\/div>\n<\/div>\n<\/div>\n<\/div>\n<\/div>\n<\/div>\n<\/div>\n<\/div>\n<\/div>\n<\/div>\n<div align=\"left\"><\/div>\n<div align=\"left\"><\/div>\n<div align=\"left\"><\/div>\n<div align=\"left\"><\/div>\n<div align=\"left\"><\/div>\n<div align=\"left\"><\/div>\n<div align=\"left\"><\/div>\n<div align=\"left\">\n<div align=\"left\">\n<div align=\"left\"><b> <\/b><a href=\"http:\/\/www.administradores.com.br\/noticias\/carreira\/inscricoes-para-6-semana-de-estudos-na-onu-em-genebra-encerram-21-de-junho\/89323\/\" target=\"_blank\">http:\/\/www.administradores.com.br\/noticias\/carreira\/inscricoes-para-6-semana-de-estudos-na-onu-em-genebra-encerram-21-de-junho\/89323\/<\/a><\/div>\n<p><img decoding=\"async\" class=\" alignright\" src=\"http:\/\/imagens.pressmanager.com.br\/images\/assessorias\/120\/2014\/06\/23\/clippinggAHVzU200697_medium.jpg\" alt=\"\" \/><br \/>\n<a href=\"http:\/\/imagens.pressmanager.com.br\/images\/assessorias\/120\/2014\/06\/23\/clippinggAHVzU200697.jpg\" target=\"_blank\">Veja a imagem no tamanho original<\/a><\/p>\n<\/div>\n<div align=\"left\"><\/div>\n<div align=\"left\"><a href=\"http:\/\/mspontocom.com.br\/site\/inscricoes-abertas-para-semana-de-estudos-na-onu\/\" target=\"_blank\">http:\/\/mspontocom.com.br\/site\/inscricoes-abertas-para-semana-de-estudos-na-onu\/<\/a><\/div>\n<p><img decoding=\"async\" src=\"http:\/\/imagens.pressmanager.com.br\/images\/assessorias\/120\/2014\/06\/16\/clippingneqooO198017_medium.jpg\" alt=\"\" \/><br \/>\n<a href=\"http:\/\/imagens.pressmanager.com.br\/images\/assessorias\/120\/2014\/06\/16\/clippingneqooO198017.jpg\" target=\"_blank\">Veja a imagem no tamanho original<\/a><\/p>\n<\/div>\n<div align=\"left\"><\/div>\n<div align=\"left\"><\/div>\n<div align=\"left\">\n<div align=\"left\"><b> <\/b><a href=\"http:\/\/jcconcursos.uol.com.br\/Empregos\/Noticiario\/inscricoes-abertas-semana-estudos-onu-suica--55365\" target=\"_blank\">http:\/\/jcconcursos.uol.com.br\/Empregos\/Noticiario\/inscricoes-abertas-semana-estudos-onu-suica&#8211;55365<\/a><\/div>\n<p><img decoding=\"async\" src=\"http:\/\/imagens.pressmanager.com.br\/images\/assessorias\/120\/2014\/06\/11\/clipping2BkMDw196319_medium.jpg\" alt=\"\" \/><br \/>\n<a href=\"http:\/\/imagens.pressmanager.com.br\/images\/assessorias\/120\/2014\/06\/11\/clipping2BkMDw196319.jpg\" target=\"_blank\">Veja a imagem no tamanho original<\/a><\/p>\n<\/div>\n<div align=\"left\"><\/div>\n<div align=\"left\"><\/div>\n<div align=\"left\">\n<div align=\"left\"><b> <\/b><a href=\"http:\/\/geprom.blogspot.com.br\/2014\/05\/esta-aberta-selecao-para-6-semana-de.html\" target=\"_blank\">http:\/\/geprom.blogspot.com.br\/2014\/05\/esta-aberta-selecao-para-6-semana-de.html<\/a><\/div>\n<p><img decoding=\"async\" class=\" alignright\" src=\"http:\/\/imagens.pressmanager.com.br\/images\/assessorias\/120\/2014\/06\/11\/clipping7ZXRmM196377_medium.jpg\" alt=\"\" \/><\/p>\n<\/div>\n<div align=\"left\"><\/div>\n<div align=\"left\"><\/div>\n<div align=\"left\"><\/div>\n<div align=\"left\"><\/div>\n<div align=\"left\"><\/div>\n<div align=\"left\"><\/div>\n<div align=\"left\"><\/div>\n<div align=\"left\"><\/div>\n<div align=\"left\"><\/div>\n<div align=\"left\"><\/div>\n<div align=\"left\"><\/div>\n<div align=\"left\">\n<div align=\"left\"><a href=\"http:\/\/www.nadiatimm.com\/nt01\/index.php?option=com_content&amp;view=article&amp;id=757:viagem-de-estudos&amp;catid=59:destaques&amp;Itemid=139\" target=\"_blank\">http:\/\/www.nadiatimm.com\/nt01\/index.php?option=com_content&amp;view=article&amp;id=757:viagem-de-estudos&amp;catid=59:destaques&amp;Itemid=139<\/a><\/div>\n<p><img decoding=\"async\" class=\" alignright\" src=\"http:\/\/imagens.pressmanager.com.br\/images\/assessorias\/120\/2014\/05\/26\/clippingwCDYCF184858_medium.jpg\" alt=\"\" \/><br \/>\n<a href=\"http:\/\/imagens.pressmanager.com.br\/images\/assessorias\/120\/2014\/05\/26\/clippingwCDYCF184858.jpg\" target=\"_blank\">Veja a imagem no tamanho original<\/a><\/p>\n<\/div>\n<div align=\"left\"><\/div>\n<div align=\"left\"><\/div>\n<div align=\"left\"><\/div>\n<div align=\"left\"><\/div>\n<div align=\"left\"><\/div>\n<div align=\"left\"><\/div>\n<div align=\"left\"><\/div>\n<div align=\"left\"><\/div>\n<div align=\"left\"><\/div>\n<div align=\"left\">\n<div align=\"left\"><b> <\/b><a href=\"http:\/\/quepasavc.blogspot.com.br\/2013\/08\/inscricoes-abertas-viagem-de-estudos.html\" target=\"_blank\">http:\/\/quepasavc.blogspot.com.br\/2013\/08\/inscricoes-abertas-viagem-de-estudos.html<\/a><\/div>\n<p><img decoding=\"async\" class=\" alignleft\" src=\"http:\/\/imagens.pressmanager.com.br\/images\/assessorias\/120\/2013\/08\/22\/clipping1Euff250058_medium.jpg\" alt=\"\" \/><br \/>\n<a href=\"http:\/\/imagens.pressmanager.com.br\/images\/assessorias\/120\/2013\/08\/22\/clipping1Euff250058.jpg\" target=\"_blank\">Veja a imagem no tamanho original<\/a><\/p>\n<\/div>\n<div align=\"left\"><\/div>\n<div align=\"left\"><\/div>\n<div align=\"left\"><\/div>\n<div align=\"left\"><\/div>\n<div align=\"left\"><\/div>\n<div align=\"left\">\n<div align=\"left\"><b> <\/b><a href=\"http:\/\/www.administradores.com.br\/noticias\/academico\/in-loco-abre-o-processo-seletivo-para-a-5-semana-de-estudos-na-sede-da-onu\/81959\/\" target=\"_blank\">http:\/\/www.administradores.com.br\/noticias\/academico\/in-loco-abre-o-processo-seletivo-para-a-5-semana-de-estudos-na-sede-da-onu\/81959\/<\/a><\/div>\n<p><img decoding=\"async\" class=\" alignright\" src=\"http:\/\/imagens.pressmanager.com.br\/images\/assessorias\/120\/2013\/11\/18\/clippingeMhn8B93546_medium.jpg\" alt=\"\" \/><br \/>\n<a href=\"http:\/\/imagens.pressmanager.com.br\/images\/assessorias\/120\/2013\/11\/18\/clippingeMhn8B93546.jpg\" target=\"_blank\">Veja a imagem no tamanho original<\/a><\/p>\n<\/div>\n<div align=\"left\"><\/div>\n<div align=\"left\"><\/div>\n<div align=\"left\"><\/div>\n<div align=\"left\"><\/div>\n<div align=\"left\"><\/div>\n<div align=\"left\"><\/div>\n<div align=\"left\"><\/div>\n<div align=\"left\"><\/div>\n<div align=\"left\"><\/div>\n<div align=\"left\"><\/div>\n<div align=\"left\"><\/div>\n<div align=\"left\">\n<div align=\"left\"><b> <\/b><a href=\"http:\/\/www.dzai.com.br\/blogservidor\/blog\/blogservidor?tv_pos_id=142873\" target=\"_blank\">http:\/\/www.dzai.com.br\/blogservidor\/blog\/blogservidor?tv_pos_id=142873<\/a><\/div>\n<p><img decoding=\"async\" class=\" alignleft\" src=\"http:\/\/imagens.pressmanager.com.br\/images\/assessorias\/120\/2013\/12\/10\/clipping32qVZ5105958_medium.jpg\" alt=\"\" \/><br \/>\n<a href=\"http:\/\/imagens.pressmanager.com.br\/images\/assessorias\/120\/2013\/12\/10\/clipping32qVZ5105958.jpg\" target=\"_blank\">Veja a imagem no tamanho original<\/a><\/p>\n<\/div>\n<div align=\"left\"><\/div>\n<div align=\"left\"><\/div>\n<div align=\"left\"><\/div>\n<div align=\"left\">\n<div align=\"left\"><b> <\/b><a href=\"http:\/\/ultimosegundo.ig.com.br\/educacao\/2014-01-08\/programa-leva-estudantes-para-passar-uma-semana-na-sede-da-onu-em-genebra.html\" target=\"_blank\">http:\/\/ultimosegundo.ig.com.br\/educacao\/2014-01-08\/programa-leva-estudantes-para-passar-uma-semana-na-sede-da-onu-em-genebra.html<\/a><\/div>\n<p><img decoding=\"async\" class=\" alignright\" src=\"http:\/\/imagens.pressmanager.com.br\/images\/assessorias\/120\/2014\/01\/09\/clipping0fTEDT116058_medium.jpg\" alt=\"\" \/><br \/>\n<a href=\"http:\/\/imagens.pressmanager.com.br\/images\/assessorias\/120\/2014\/01\/09\/clipping0fTEDT116058.jpg\" target=\"_blank\">Veja a imagem no tamanho original<\/a><\/p>\n<\/div>\n<div align=\"left\"><\/div>\n<div align=\"left\"><\/div>\n<div align=\"left\"><\/div>\n<div align=\"left\">\n<div align=\"left\"><\/div>\n<p><a href=\"http:\/\/imagens.pressmanager.com.br\/images\/assessorias\/120\/2014\/01\/08\/clippingw5UHe5115940.jpg\" target=\"_blank\">Veja a imagem no tamanho original<\/a><\/p>\n<\/div>\n<div align=\"left\"><\/div>\n<div align=\"left\"><\/div>\n<div align=\"left\">\n<div align=\"left\"><b> <\/b><a href=\"http:\/\/www.passeiaki.com\/noticias\/programa-leva-estudantes-para-passar-semana-sede-onu-genebra\" target=\"_blank\">http:\/\/www.passeiaki.com\/noticias\/programa-leva-estudantes-para-passar-semana-sede-onu-genebra<\/a><\/div>\n<p><img decoding=\"async\" class=\" alignright\" src=\"http:\/\/imagens.pressmanager.com.br\/images\/assessorias\/120\/2014\/01\/13\/clipping4dEhve117900_medium.jpg\" alt=\"\" \/><br \/>\n<a href=\"http:\/\/imagens.pressmanager.com.br\/images\/assessorias\/120\/2014\/01\/13\/clipping4dEhve117900.jpg\" target=\"_blank\">Veja a imagem no tamanho original<\/a><\/p>\n<\/div>\n<div align=\"left\"><\/div>\n<div align=\"left\"><\/div>\n<div align=\"left\"><\/div>\n<div align=\"left\">\n<div align=\"left\"><b> <\/b><a href=\"http:\/\/www.correiobraziliense.com.br\/app\/noticia\/eu-estudante\/ultimasnoticias_geral\/33,104,33,112\/2013\/12\/10\/Selecao_Interna,402655\/esta-aberto-o-processo-seletivo-para-a-5-semana-de-estudos-na-sede-d\" target=\"_blank\">http:\/\/www.correiobraziliense.com.br\/app\/noticia\/eu-estudante\/ultimasnoticias_geral\/33,104,33,112\/2013\/12\/10\/Selecao_Interna,402655\/esta-aberto-o-processo-seletivo-para-a-5-semana-de-estudos-na-sede-d<\/a><\/div>\n<p><img decoding=\"async\" class=\" alignleft\" src=\"http:\/\/imagens.pressmanager.com.br\/images\/assessorias\/120\/2013\/12\/10\/clippingpnHeaJ105985_medium.jpg\" alt=\"\" \/><\/p>\n<\/div>\n<div align=\"left\"><\/div>\n<div align=\"left\"><\/div>\n<div align=\"left\"><\/div>\n<div align=\"left\">\n<div align=\"left\"><b><\/b><a href=\"http:\/\/www.adolfo.sp.gov.br\/Noticia\/515496\" target=\"_blank\">http:\/\/www.adolfo.sp.gov.br\/Noticia\/515496<\/a><\/div>\n<p><img decoding=\"async\" class=\" alignright\" src=\"http:\/\/imagens.pressmanager.com.br\/images\/assessorias\/120\/2014\/01\/16\/clipping5sh1a1120084_medium.jpg\" alt=\"\" \/><\/p>\n<\/div>\n<div align=\"left\"><\/div>\n<div align=\"left\"><\/div>\n<div align=\"left\"><\/div>\n<div align=\"left\"><\/div>\n<div align=\"left\"><b> <\/b><a href=\"http:\/\/exame.abril.com.br\/carreira\/noticias\/4-dicas-rapidas-para-quem-quer-seguir-carreira-internacional\" target=\"_blank\">http:\/\/exame.abril.com.br\/carreira\/noticias\/4-dicas-rapidas-para-quem-quer-seguir-carreira-internacional<\/a><\/div>\n<p><img decoding=\"async\" class=\" alignleft\" src=\"http:\/\/imagens.pressmanager.com.br\/images\/assessorias\/120\/2013\/08\/15\/clippingHfXS0C46632_medium.jpg\" alt=\"\" \/><\/p>\n<p><a href=\"http:\/\/correiobraziliense.admite-se.com.br\/app\/noticias\/carreira\/2013\/07\/16\/interna_carreira,7410\/estao-abertas-as-inscricoes-para-a-4-semana-de-estudos-na-sede-da-onu-em-genebra.shtml\" target=\"_blank\">http:\/\/correiobraziliense.admite-se.com.br\/app\/noticias\/carreira\/2013\/07\/16\/interna_carreira,7410\/estao-abertas-as-inscricoes-para-a-4-semana-de-estudos-na-sede-da-onu-em-genebra.shtml<\/a><br \/>\n<img decoding=\"async\" class=\" alignright\" src=\"http:\/\/imagens.pressmanager.com.br\/images\/assessorias\/120\/2013\/07\/16\/clipping110FtJ34007_medium.jpg\" alt=\"\" \/><br \/>\n<a href=\"http:\/\/imagens.pressmanager.com.br\/images\/assessorias\/120\/2013\/07\/16\/clipping110FtJ34007.jpg\" target=\"_blank\">Veja a imagem no tamanho original<\/a><\/p>\n<p><img decoding=\"async\" class=\" alignleft\" src=\"http:\/\/imagens.pressmanager.com.br\/images\/assessorias\/120\/2013\/07\/16\/clippingARlbTL34011_medium.jpg\" alt=\"\" \/><br \/>\n<a href=\"http:\/\/imagens.pressmanager.com.br\/images\/assessorias\/120\/2013\/07\/16\/clippingARlbTL34011.jpg\" target=\"_blank\">Veja a imagem no tamanho original<\/a><\/p>\n<p><a href=\"https:\/\/semanadeestudos.files.wordpress.com\/2014\/10\/jornal-brasil-05-de-junho-2014.jpg\"><img loading=\"lazy\" decoding=\"async\" class=\"alignright size-medium wp-image-707\" src=\"https:\/\/semanadeestudos.files.wordpress.com\/2014\/10\/jornal-brasil-05-de-junho-2014.jpg?w=212\" alt=\"Jornal Brasil- 05 de junho 2014\" width=\"212\" height=\"300\" \/><\/a><\/p>\n<p><a href=\"https:\/\/semanadeestudos.files.wordpress.com\/2014\/10\/cristina-lira-22-05-2014.jpeg\"><img loading=\"lazy\" decoding=\"async\" class=\"alignright size-medium wp-image-705\" src=\"https:\/\/semanadeestudos.files.wordpress.com\/2014\/10\/cristina-lira-22-05-2014.jpeg?w=212\" alt=\"Cristina Lira 22-05-2014\" width=\"212\" height=\"300\" \/><\/a><\/p>\n<p><a href=\"https:\/\/semanadeestudos.files.wordpress.com\/2014\/10\/nota10-com-br-06-02-2014.jpeg\"><img loading=\"lazy\" decoding=\"async\" class=\"alignleft wp-image-701\" src=\"https:\/\/semanadeestudos.files.wordpress.com\/2014\/10\/nota10-com-br-06-02-2014.jpeg?w=173\" alt=\"nota10.com.br-06-02-2014\" width=\"259\" height=\"442\" \/><\/a><\/p>\n<figure id=\"attachment_703\" aria-describedby=\"caption-attachment-703\" style=\"width: 212px\" class=\"wp-caption alignright\"><a href=\"https:\/\/semanadeestudos.files.wordpress.com\/2014\/10\/administradores-22-05-2014.jpeg\"><img loading=\"lazy\" decoding=\"async\" class=\"wp-image-703 size-medium\" src=\"https:\/\/semanadeestudos.files.wordpress.com\/2014\/10\/administradores-22-05-2014.jpeg?w=212\" alt=\"Administradores 22-05-2014\" width=\"212\" height=\"300\" \/><\/a><figcaption id=\"caption-attachment-703\" class=\"wp-caption-text\">Administradores 22 de maio 2014<\/figcaption><\/figure>\n<p><a href=\"https:\/\/semanadeestudos.files.wordpress.com\/2014\/10\/10-12-2013correio-braziliense_5-semana-de-estudos.jpg\"><img loading=\"lazy\" decoding=\"async\" class=\"alignleft size-medium wp-image-697\" src=\"https:\/\/semanadeestudos.files.wordpress.com\/2014\/10\/10-12-2013correio-braziliense_5-semana-de-estudos.jpg?w=243\" alt=\"10-12-2013Correio Braziliense_5 semana de estudos\" width=\"243\" height=\"300\" \/><\/a>\u00a0\u00a0\u00a0\u00a0\u00a0\u00a0\u00a0\u00a0\u00a0\u00a0\u00a0\u00a0\u00a0\u00a0\u00a0\u00a0\u00a0\u00a0\u00a0\u00a0\u00a0\u00a0\u00a0\u00a0\u00a0\u00a0\u00a0 <a href=\"https:\/\/semanadeestudos.files.wordpress.com\/2014\/10\/ultimo-segundo-ig-08-01-2014.jpg\"><img loading=\"lazy\" decoding=\"async\" class=\"alignright size-medium wp-image-700\" src=\"https:\/\/semanadeestudos.files.wordpress.com\/2014\/10\/ultimo-segundo-ig-08-01-2014.jpg?w=173\" alt=\"Ultimo segundo -IG 08-01-2014\" width=\"173\" height=\"300\" \/><\/a><\/p>\n<figure id=\"attachment_689\" aria-describedby=\"caption-attachment-689\" style=\"width: 300px\" class=\"wp-caption alignleft\"><a href=\"https:\/\/semanadeestudos.files.wordpress.com\/2014\/10\/rhconnect-17-09-2013.jpg\"><img loading=\"lazy\" decoding=\"async\" class=\"size-medium wp-image-689\" src=\"https:\/\/semanadeestudos.files.wordpress.com\/2014\/10\/rhconnect-17-09-2013.jpg?w=300\" alt=\"Entrevista com grava\u00e7\u00e3o em podcast na RH Connect\" width=\"300\" height=\"215\" \/><\/a><figcaption id=\"caption-attachment-689\" class=\"wp-caption-text\">Entrevista com grava\u00e7\u00e3o em podcast na RH Connect<\/figcaption><\/figure>\n<figure id=\"attachment_690\" aria-describedby=\"caption-attachment-690\" style=\"width: 203px\" class=\"wp-caption alignright\"><a href=\"https:\/\/semanadeestudos.files.wordpress.com\/2014\/10\/rh-connect-17-09-2013.jpg\"><img loading=\"lazy\" decoding=\"async\" class=\"wp-image-690\" src=\"https:\/\/semanadeestudos.files.wordpress.com\/2014\/10\/rh-connect-17-09-2013.jpg?w=113\" alt=\"Entrevista transcrita da RH Connect\" width=\"203\" height=\"535\" \/><\/a><figcaption id=\"caption-attachment-690\" class=\"wp-caption-text\">Entrevista transcrita da RH Connect<\/figcaption><\/figure>\n<figure id=\"attachment_688\" aria-describedby=\"caption-attachment-688\" style=\"width: 175px\" class=\"wp-caption alignleft\"><a href=\"https:\/\/semanadeestudos.files.wordpress.com\/2014\/10\/administradores-com-13-11-2013-2.jpeg\"><img loading=\"lazy\" decoding=\"async\" class=\"wp-image-688 size-medium\" src=\"https:\/\/semanadeestudos.files.wordpress.com\/2014\/10\/administradores-com-13-11-2013-2.jpeg?w=175\" alt=\"Nota no Administradores.com\" width=\"175\" height=\"300\" \/><\/a><figcaption id=\"caption-attachment-688\" class=\"wp-caption-text\">Nota no Administradores.com<\/figcaption><\/figure>\n<p><a href=\"https:\/\/semanadeestudos.files.wordpress.com\/2014\/10\/correio-16-07-2013.jpeg\"><img loading=\"lazy\" decoding=\"async\" class=\"alignright size-medium wp-image-685\" src=\"https:\/\/semanadeestudos.files.wordpress.com\/2014\/10\/correio-16-07-2013.jpeg?w=245\" alt=\"correio 16-07-2013\" width=\"245\" height=\"300\" \/><\/a><\/p>\n<p><a href=\"https:\/\/semanadeestudos.files.wordpress.com\/2014\/10\/rets_-_4_edio_da_semana_na_onu_em_genebra_-_2013-06-12.pdf\">_4_Edio_da_Semana_na_ONU_em_Genebra_-_2013-06-12<\/a><\/p>\n<p>Ap\u00f3s a primeira edi\u00e7\u00e3o da Semana de Estudos em abril de 2012, a m\u00eddia come\u00e7ou a prestar a aten\u00e7\u00e3o neste projeto .<\/p>\n<figure id=\"attachment_668\" aria-describedby=\"caption-attachment-668\" style=\"width: 230px\" class=\"wp-caption aligncenter\"><a href=\"https:\/\/semanadeestudos.files.wordpress.com\/2014\/10\/o-globo-24-de-junho-2012.jpg\"><img loading=\"lazy\" decoding=\"async\" class=\"size-medium wp-image-668\" src=\"https:\/\/semanadeestudos.files.wordpress.com\/2014\/10\/o-globo-24-de-junho-2012.jpg?w=230\" alt=\"Nota sobre a Semana de Estudos no Jornal O Globo 24 de junho de 2012\" width=\"230\" height=\"300\" \/><\/a><figcaption id=\"caption-attachment-668\" class=\"wp-caption-text\">Nota sobre a Semana de Estudos no Jornal O Globo 24 de junho de 2012<\/figcaption><\/figure>\n","protected":false},"excerpt":{"rendered":"<p>http:\/\/jornalbrasil.com.br\/noticia\/oito-beneficios-do-treinamento-para-a-carreira-internacional.html O seu canal de not\u00edcias do Brasil e do Mundo. \u00a0\u00a0 \ue716\u00a0\u00a0Imprima Not\u00edcia Oito benef\u00edcios do treinamento para a carreira internacional Fonte EVCOM 23\/01\/2014 \u00e0s 22h Por Leda Lu Muniz* Pesquisas cient\u00edficas mostram que a aprendizagem \u201cacontece\u201d quando experimentamos,<\/p>\n","protected":false},"author":1,"featured_media":0,"parent":0,"menu_order":0,"comment_status":"closed","ping_status":"closed","template":"","meta":{"footnotes":""},"class_list":["post-609","page","type-page","status-publish","hentry"],"_links":{"self":[{"href":"https:\/\/semanadeestudos.com\/index.php?rest_route=\/wp\/v2\/pages\/609","targetHints":{"allow":["GET"]}}],"collection":[{"href":"https:\/\/semanadeestudos.com\/index.php?rest_route=\/wp\/v2\/pages"}],"about":[{"href":"https:\/\/semanadeestudos.com\/index.php?rest_route=\/wp\/v2\/types\/page"}],"author":[{"embeddable":true,"href":"https:\/\/semanadeestudos.com\/index.php?rest_route=\/wp\/v2\/users\/1"}],"replies":[{"embeddable":true,"href":"https:\/\/semanadeestudos.com\/index.php?rest_route=%2Fwp%2Fv2%2Fcomments&post=609"}],"version-history":[{"count":2,"href":"https:\/\/semanadeestudos.com\/index.php?rest_route=\/wp\/v2\/pages\/609\/revisions"}],"predecessor-version":[{"id":1159,"href":"https:\/\/semanadeestudos.com\/index.php?rest_route=\/wp\/v2\/pages\/609\/revisions\/1159"}],"wp:attachment":[{"href":"https:\/\/semanadeestudos.com\/index.php?rest_route=%2Fwp%2Fv2%2Fmedia&parent=609"}],"curies":[{"name":"wp","href":"https:\/\/api.w.org\/{rel}","templated":true}]}}