{"id":704,"date":"2016-12-14T15:57:11","date_gmt":"2016-12-14T17:57:11","guid":{"rendered":"http:\/\/semanadeestudos.com\/?page_id=704"},"modified":"2026-01-20T12:04:11","modified_gmt":"2026-01-20T15:04:11","slug":"quem-somos","status":"publish","type":"page","link":"https:\/\/semanadeestudos.com\/?page_id=704","title":{"rendered":"ABOUT"},"content":{"rendered":"<p>&nbsp;<\/p>\n<p><strong>We are a professional and cultural training company based in S\u00e3o Paulo, Brazil, organizing the Study Week for individuals interested in experiencing IN LOCO the United Nations agencies in Geneva as well as other international organizations<\/strong><\/p>\n<p><strong>Organization and Coordination:<\/strong><br data-start=\"316\" data-end=\"319\" \/><strong data-start=\"319\" data-end=\"336\">Leda Lu Muniz<\/strong> \u2013<strong> Educator and sociologist, graduated from the University of S\u00e3o Paulo, with a Master\u2019s in Sociology of Communication from La Sapienza University (Rome) and a specialization in International Politics from the Funda\u00e7\u00e3o Escola de Sociologia e Pol\u00edtica de S\u00e3o Paulo.<\/strong><\/p>\n<p><strong>Holding Italian and Brazilian nationalities, she worked in Europe as a specialist and consultant for the European Economic Community in areas such as Communication, International Relations, Training, and Preparation for International Careers.<\/strong><\/p>\n<p><strong>She has organized and coordinated courses on international topics (Multilateralism, Latin America, European Union, Globalization) and participated in NACI (International Situation Analysis Nucleus) at PUC-SP.<\/strong><\/p>\n<p><strong>Currently, she provides consulting for international organizations and public institutions in areas such as Communication, International Relations, Cross-Cultural Training, and Leadership Skills Development for the international scenario. <\/strong><\/p>\n<p><strong>She also writes about International Relations.<\/strong><\/p>\n<p><strong>As an entrepreneur, she is the creator and coordinator of Semana de Estudos \/ Study Week at the UN for brasilian students and professionals\u00a0 and founder of In Loco.biz, a company specialized in in-person training and study trips.<\/strong><\/p>\n<p><strong>Her public profile, along with some of her articles and publications, can be viewed here:<\/strong><br data-start=\"1687\" data-end=\"1690\" \/><a href=\"https:\/\/www.linkedin.com\/in\/leda-lu-muniz-bb6a7531\" data-start=\"1690\" data-end=\"1786\">www.linkedin.com\/in\/leda-lu-muniz-bb6a7531<\/a><\/p>\n<p data-start=\"1790\" data-end=\"1860\" data-is-last-node=\"\" data-is-only-node=\"\"><strong>Below is an interview with RH Connect about international careers<\/strong><\/p>\n<p><img loading=\"lazy\" decoding=\"async\" class=\"decoded alignleft\" src=\"https:\/\/semanadeestudos.files.wordpress.com\/2014\/10\/rhconnect-17-09-2013.jpg\" alt=\"https:\/\/semanadeestudos.files.wordpress.com\/2014\/10\/rhconnect-17-09-2013.jpg\" width=\"375\" height=\"288\" \/><img loading=\"lazy\" decoding=\"async\" class=\"shrinkToFit decoded alignright\" src=\"https:\/\/semanadeestudos.files.wordpress.com\/2014\/10\/rh-connect-17-09-2013.jpg\" alt=\"https:\/\/semanadeestudos.files.wordpress.com\/2014\/10\/rh-connect-17-09-2013.jpg\" width=\"235\" height=\"598\" \/><\/p>\n<p>&nbsp;<\/p>\n<p><img loading=\"lazy\" decoding=\"async\" class=\"alignleft size-medium wp-image-924\" src=\"http:\/\/semanadeestudos.com\/wp-content\/uploads\/2016\/12\/13697031_10154975197363362_6965669762430708047_n-300x171.jpg\" alt=\"\" width=\"300\" height=\"171\" srcset=\"https:\/\/semanadeestudos.com\/wp-content\/uploads\/2016\/12\/13697031_10154975197363362_6965669762430708047_n-300x171.jpg 300w, https:\/\/semanadeestudos.com\/wp-content\/uploads\/2016\/12\/13697031_10154975197363362_6965669762430708047_n-768x437.jpg 768w, https:\/\/semanadeestudos.com\/wp-content\/uploads\/2016\/12\/13697031_10154975197363362_6965669762430708047_n.jpg 818w\" sizes=\"auto, (max-width: 300px) 100vw, 300px\" \/><\/p>\n","protected":false},"excerpt":{"rendered":"<p>&nbsp; We are a professional and cultural training company based in S\u00e3o Paulo, Brazil, organizing the Study Week for individuals interested in experiencing IN LOCO the United Nations agencies in Geneva as well as other international organizations Organization and Coordination:Leda<\/p>\n","protected":false},"author":1,"featured_media":0,"parent":0,"menu_order":0,"comment_status":"closed","ping_status":"closed","template":"","meta":{"footnotes":""},"class_list":["post-704","page","type-page","status-publish","hentry"],"_links":{"self":[{"href":"https:\/\/semanadeestudos.com\/index.php?rest_route=\/wp\/v2\/pages\/704","targetHints":{"allow":["GET"]}}],"collection":[{"href":"https:\/\/semanadeestudos.com\/index.php?rest_route=\/wp\/v2\/pages"}],"about":[{"href":"https:\/\/semanadeestudos.com\/index.php?rest_route=\/wp\/v2\/types\/page"}],"author":[{"embeddable":true,"href":"https:\/\/semanadeestudos.com\/index.php?rest_route=\/wp\/v2\/users\/1"}],"replies":[{"embeddable":true,"href":"https:\/\/semanadeestudos.com\/index.php?rest_route=%2Fwp%2Fv2%2Fcomments&post=704"}],"version-history":[{"count":11,"href":"https:\/\/semanadeestudos.com\/index.php?rest_route=\/wp\/v2\/pages\/704\/revisions"}],"predecessor-version":[{"id":1166,"href":"https:\/\/semanadeestudos.com\/index.php?rest_route=\/wp\/v2\/pages\/704\/revisions\/1166"}],"wp:attachment":[{"href":"https:\/\/semanadeestudos.com\/index.php?rest_route=%2Fwp%2Fv2%2Fmedia&parent=704"}],"curies":[{"name":"wp","href":"https:\/\/api.w.org\/{rel}","templated":true}]}}